{"id":330,"date":"2023-10-24T13:03:55","date_gmt":"2023-10-24T11:03:55","guid":{"rendered":"https:\/\/vacarmeproductions.com\/?page_id=330"},"modified":"2024-04-18T12:17:07","modified_gmt":"2024-04-18T10:17:07","slug":"mentions-obligatoires","status":"publish","type":"page","link":"https:\/\/vacarmeproductions.com\/index.php\/mentions-obligatoires\/","title":{"rendered":"Mentions obligatoires"},"content":{"rendered":"\t\t<div data-elementor-type=\"wp-page\" data-elementor-id=\"330\" class=\"elementor elementor-330\">\n\t\t\t\t\t\t\t\t\t<section class=\"elementor-section elementor-top-section elementor-element elementor-element-520e2fc elementor-section-boxed elementor-section-height-default elementor-section-height-default\" data-id=\"520e2fc\" data-element_type=\"section\">\n\t\t\t\t\t\t<div class=\"elementor-container elementor-column-gap-default\">\n\t\t\t\t\t<div class=\"elementor-column elementor-col-100 elementor-top-column elementor-element elementor-element-488a727\" data-id=\"488a727\" data-element_type=\"column\">\n\t\t\t<div class=\"elementor-widget-wrap elementor-element-populated\">\n\t\t\t\t\t\t\t\t<div class=\"elementor-element elementor-element-869ee1b elementor-widget elementor-widget-heading\" data-id=\"869ee1b\" data-element_type=\"widget\" data-widget_type=\"heading.default\">\n\t\t\t\t<div class=\"elementor-widget-container\">\n\t\t\t<style>\/*! elementor - v3.14.0 - 26-06-2023 *\/\n.elementor-heading-title{padding:0;margin:0;line-height:1}.elementor-widget-heading .elementor-heading-title[class*=elementor-size-]>a{color:inherit;font-size:inherit;line-height:inherit}.elementor-widget-heading .elementor-heading-title.elementor-size-small{font-size:15px}.elementor-widget-heading .elementor-heading-title.elementor-size-medium{font-size:19px}.elementor-widget-heading .elementor-heading-title.elementor-size-large{font-size:29px}.elementor-widget-heading .elementor-heading-title.elementor-size-xl{font-size:39px}.elementor-widget-heading .elementor-heading-title.elementor-size-xxl{font-size:59px}<\/style><h2 class=\"elementor-heading-title elementor-size-default\">Editeur<\/h2>\t\t<\/div>\n\t\t\t\t<\/div>\n\t\t\t\t\t<\/div>\n\t\t<\/div>\n\t\t\t\t\t\t\t<\/div>\n\t\t<\/section>\n\t\t\t\t<section class=\"elementor-section elementor-top-section elementor-element elementor-element-85a59db elementor-section-boxed elementor-section-height-default elementor-section-height-default\" data-id=\"85a59db\" data-element_type=\"section\">\n\t\t\t\t\t\t<div class=\"elementor-container elementor-column-gap-default\">\n\t\t\t\t\t<div class=\"elementor-column elementor-col-100 elementor-top-column elementor-element elementor-element-9aa9769\" data-id=\"9aa9769\" data-element_type=\"column\">\n\t\t\t<div class=\"elementor-widget-wrap elementor-element-populated\">\n\t\t\t\t\t\t\t\t<div class=\"elementor-element elementor-element-259734d elementor-widget elementor-widget-text-editor\" data-id=\"259734d\" data-element_type=\"widget\" data-widget_type=\"text-editor.default\">\n\t\t\t\t<div class=\"elementor-widget-container\">\n\t\t\t<style>\/*! elementor - v3.14.0 - 26-06-2023 *\/\n.elementor-widget-text-editor.elementor-drop-cap-view-stacked .elementor-drop-cap{background-color:#69727d;color:#fff}.elementor-widget-text-editor.elementor-drop-cap-view-framed .elementor-drop-cap{color:#69727d;border:3px solid;background-color:transparent}.elementor-widget-text-editor:not(.elementor-drop-cap-view-default) .elementor-drop-cap{margin-top:8px}.elementor-widget-text-editor:not(.elementor-drop-cap-view-default) .elementor-drop-cap-letter{width:1em;height:1em}.elementor-widget-text-editor .elementor-drop-cap{float:left;text-align:center;line-height:1;font-size:50px}.elementor-widget-text-editor .elementor-drop-cap-letter{display:inline-block}<\/style>\t\t\t\t<div data-id=\"2e14cbf\" data-element_type=\"widget\" data-widget_type=\"text-editor.default\">\n<div>\n<div>\n<p>Le site vacarmeproductions.com est la propri\u00e9t\u00e9 de Vacarme Productions, domicili\u00e9 \u00e0 Meyzieu (69330).<\/p>\n<p>Responsable des publications : Audrey Abrial \u2013 Lyon \u2013&nbsp; Mail : audrey[at]vacarmeproductions[point]com<\/p>\n<p>SIRET : 811 022 581 00037<\/p>\n<p>CODE NAF&nbsp;: 9001Z<\/p>\n<p>TVA Intracommunautaire : FR71811022581<\/p>\n<p>Licence d\u2019entrepreneur de spectacle n\u00b0 : PLATESV-R-2020-000159 et PLATESV-R-2020-000161<\/p>\n<p>D\u00e9claration d\u2019activit\u00e9 enregistr\u00e9e sous le n\u00b0 84691708769 aupr\u00e8s du pr\u00e9fet de r\u00e9gion Auvergne-Rh\u00f4ne-Alpes.<\/p>\n<p><em>Vacarme Productions est une association dont le si\u00e8ge social est \u00e9tabli au 10 rue Gabriel P\u00e9ri,&nbsp; 69330 Meyzieu (France). L&rsquo;association Vacarme Productions a pour objet la production et l&rsquo;administration du spectacle vivant.&nbsp;<\/em><\/p>\n<\/div>\n<\/div>\n<\/div>\t\t\t\t\t\t<\/div>\n\t\t\t\t<\/div>\n\t\t\t\t\t<\/div>\n\t\t<\/div>\n\t\t\t\t\t\t\t<\/div>\n\t\t<\/section>\n\t\t\t\t<section class=\"elementor-section elementor-top-section elementor-element elementor-element-b7e1c9a elementor-section-boxed elementor-section-height-default elementor-section-height-default\" data-id=\"b7e1c9a\" data-element_type=\"section\">\n\t\t\t\t\t\t<div class=\"elementor-container elementor-column-gap-default\">\n\t\t\t\t\t<div class=\"elementor-column elementor-col-100 elementor-top-column elementor-element elementor-element-9be6f9d\" data-id=\"9be6f9d\" data-element_type=\"column\">\n\t\t\t<div class=\"elementor-widget-wrap elementor-element-populated\">\n\t\t\t\t\t\t\t\t<div class=\"elementor-element elementor-element-34997d0 elementor-widget elementor-widget-heading\" data-id=\"34997d0\" data-element_type=\"widget\" data-widget_type=\"heading.default\">\n\t\t\t\t<div class=\"elementor-widget-container\">\n\t\t\t<h2 class=\"elementor-heading-title elementor-size-default\"><strong>Utilisation des donn\u00e9es personnelles<\/strong> et cookies<\/h2>\t\t<\/div>\n\t\t\t\t<\/div>\n\t\t\t\t\t<\/div>\n\t\t<\/div>\n\t\t\t\t\t\t\t<\/div>\n\t\t<\/section>\n\t\t\t\t<section class=\"elementor-section elementor-top-section elementor-element elementor-element-3f8bf2c elementor-section-boxed elementor-section-height-default elementor-section-height-default\" data-id=\"3f8bf2c\" data-element_type=\"section\">\n\t\t\t\t\t\t<div class=\"elementor-container elementor-column-gap-default\">\n\t\t\t\t\t<div class=\"elementor-column elementor-col-100 elementor-top-column elementor-element elementor-element-5acc0a2\" data-id=\"5acc0a2\" data-element_type=\"column\">\n\t\t\t<div class=\"elementor-widget-wrap elementor-element-populated\">\n\t\t\t\t\t\t\t\t<div class=\"elementor-element elementor-element-ec22f40 elementor-widget elementor-widget-text-editor\" data-id=\"ec22f40\" data-element_type=\"widget\" data-widget_type=\"text-editor.default\">\n\t\t\t\t<div class=\"elementor-widget-container\">\n\t\t\t\t\t\t\t<p>Aucune information personnelle n\u2019est collect\u00e9e \u00e0 votre insu.<\/p><p>Aucune information personnelle n\u2019est c\u00e9d\u00e9e \u00e0 des tiers.<\/p><p>Vous pouvez consulter ce site sans r\u00e9v\u00e9ler votre identit\u00e9 ou donner la moindre information vous concernant.<\/p><p>Les informations que vous nous communiquerez seront trait\u00e9es selon les dispositions l\u00e9gales applicables et notamment de la Loi<br \/>\u00ab\u00a0Informatique et Libert\u00e9s\u00a0\u00bb n\u00b078-17 du 6 janvier 1978.<\/p><p>Notre politique de protection des donn\u00e9es personnelles vous renseigne en d\u00e9tail sur les finalit\u00e9s de notre collecte des donn\u00e9es et des fondements juridiques sur lesquels celle-si s\u2019appuie.<\/p><p>Aucun cookie n\u2019est n\u00e9cessaire pour la navigation sur notre site internet.<\/p>\t\t\t\t\t\t<\/div>\n\t\t\t\t<\/div>\n\t\t\t\t\t<\/div>\n\t\t<\/div>\n\t\t\t\t\t\t\t<\/div>\n\t\t<\/section>\n\t\t\t\t<section class=\"elementor-section elementor-top-section elementor-element elementor-element-0973d2b elementor-section-boxed elementor-section-height-default elementor-section-height-default\" data-id=\"0973d2b\" data-element_type=\"section\">\n\t\t\t\t\t\t<div class=\"elementor-container elementor-column-gap-default\">\n\t\t\t\t\t<div class=\"elementor-column elementor-col-100 elementor-top-column elementor-element elementor-element-25f9f72\" data-id=\"25f9f72\" data-element_type=\"column\">\n\t\t\t<div class=\"elementor-widget-wrap elementor-element-populated\">\n\t\t\t\t\t\t\t\t<div class=\"elementor-element elementor-element-6a30e87 elementor-widget elementor-widget-heading\" data-id=\"6a30e87\" data-element_type=\"widget\" data-widget_type=\"heading.default\">\n\t\t\t\t<div class=\"elementor-widget-container\">\n\t\t\t<h2 class=\"elementor-heading-title elementor-size-default\">H\u00e9bergeur<\/h2>\t\t<\/div>\n\t\t\t\t<\/div>\n\t\t\t\t\t<\/div>\n\t\t<\/div>\n\t\t\t\t\t\t\t<\/div>\n\t\t<\/section>\n\t\t\t\t<section class=\"elementor-section elementor-top-section elementor-element elementor-element-1d814e9 elementor-section-boxed elementor-section-height-default elementor-section-height-default\" data-id=\"1d814e9\" data-element_type=\"section\">\n\t\t\t\t\t\t<div class=\"elementor-container elementor-column-gap-default\">\n\t\t\t\t\t<div class=\"elementor-column elementor-col-100 elementor-top-column elementor-element elementor-element-b3d18ff\" data-id=\"b3d18ff\" data-element_type=\"column\">\n\t\t\t<div class=\"elementor-widget-wrap elementor-element-populated\">\n\t\t\t\t\t\t\t\t<div class=\"elementor-element elementor-element-3ad4ede elementor-widget elementor-widget-text-editor\" data-id=\"3ad4ede\" data-element_type=\"widget\" data-widget_type=\"text-editor.default\">\n\t\t\t\t<div class=\"elementor-widget-container\">\n\t\t\t\t\t\t\t<p>Le site est h\u00e9berg\u00e9 par OVH : <br>2 rue Kellermann 59100 ROUBAIX \u2013 France<\/p>\t\t\t\t\t\t<\/div>\n\t\t\t\t<\/div>\n\t\t\t\t\t<\/div>\n\t\t<\/div>\n\t\t\t\t\t\t\t<\/div>\n\t\t<\/section>\n\t\t\t\t<section class=\"elementor-section elementor-top-section elementor-element elementor-element-29bbb09 elementor-section-boxed elementor-section-height-default elementor-section-height-default\" data-id=\"29bbb09\" data-element_type=\"section\">\n\t\t\t\t\t\t<div class=\"elementor-container elementor-column-gap-default\">\n\t\t\t\t\t<div class=\"elementor-column elementor-col-100 elementor-top-column elementor-element elementor-element-dadff03\" data-id=\"dadff03\" data-element_type=\"column\">\n\t\t\t<div class=\"elementor-widget-wrap elementor-element-populated\">\n\t\t\t\t\t\t\t\t<div class=\"elementor-element elementor-element-3fb06d9 elementor-widget elementor-widget-heading\" data-id=\"3fb06d9\" data-element_type=\"widget\" data-widget_type=\"heading.default\">\n\t\t\t\t<div class=\"elementor-widget-container\">\n\t\t\t<h2 class=\"elementor-heading-title elementor-size-default\">Contribution<\/h2>\t\t<\/div>\n\t\t\t\t<\/div>\n\t\t\t\t\t<\/div>\n\t\t<\/div>\n\t\t\t\t\t\t\t<\/div>\n\t\t<\/section>\n\t\t\t\t<section class=\"elementor-section elementor-top-section elementor-element elementor-element-da3f4ac elementor-section-boxed elementor-section-height-default elementor-section-height-default\" data-id=\"da3f4ac\" data-element_type=\"section\">\n\t\t\t\t\t\t<div class=\"elementor-container elementor-column-gap-default\">\n\t\t\t\t\t<div class=\"elementor-column elementor-col-100 elementor-top-column elementor-element elementor-element-960ffc9\" data-id=\"960ffc9\" data-element_type=\"column\">\n\t\t\t<div class=\"elementor-widget-wrap elementor-element-populated\">\n\t\t\t\t\t\t\t\t<div class=\"elementor-element elementor-element-bd9b01c elementor-widget elementor-widget-text-editor\" data-id=\"bd9b01c\" data-element_type=\"widget\" data-widget_type=\"text-editor.default\">\n\t\t\t\t<div class=\"elementor-widget-container\">\n\t\t\t\t\t\t\t<p>Site mis en place avec WordPress<\/p>\t\t\t\t\t\t<\/div>\n\t\t\t\t<\/div>\n\t\t\t\t\t<\/div>\n\t\t<\/div>\n\t\t\t\t\t\t\t<\/div>\n\t\t<\/section>\n\t\t\t\t<section class=\"elementor-section elementor-top-section elementor-element elementor-element-bd1df74 elementor-section-boxed elementor-section-height-default elementor-section-height-default\" data-id=\"bd1df74\" data-element_type=\"section\">\n\t\t\t\t\t\t<div class=\"elementor-container elementor-column-gap-default\">\n\t\t\t\t\t<div class=\"elementor-column elementor-col-100 elementor-top-column elementor-element elementor-element-48c0579\" data-id=\"48c0579\" data-element_type=\"column\">\n\t\t\t<div class=\"elementor-widget-wrap elementor-element-populated\">\n\t\t\t\t\t\t\t\t<div class=\"elementor-element elementor-element-0339ae0 elementor-widget elementor-widget-heading\" data-id=\"0339ae0\" data-element_type=\"widget\" data-widget_type=\"heading.default\">\n\t\t\t\t<div class=\"elementor-widget-container\">\n\t\t\t<h2 class=\"elementor-heading-title elementor-size-default\">Cr\u00e9dits<\/h2>\t\t<\/div>\n\t\t\t\t<\/div>\n\t\t\t\t\t<\/div>\n\t\t<\/div>\n\t\t\t\t\t\t\t<\/div>\n\t\t<\/section>\n\t\t\t\t<section class=\"elementor-section elementor-top-section elementor-element elementor-element-7cc9e19 elementor-section-boxed elementor-section-height-default elementor-section-height-default\" data-id=\"7cc9e19\" data-element_type=\"section\">\n\t\t\t\t\t\t<div class=\"elementor-container elementor-column-gap-default\">\n\t\t\t\t\t<div class=\"elementor-column elementor-col-100 elementor-top-column elementor-element elementor-element-2b7aa73\" data-id=\"2b7aa73\" data-element_type=\"column\">\n\t\t\t<div class=\"elementor-widget-wrap elementor-element-populated\">\n\t\t\t\t\t\t\t\t<div class=\"elementor-element elementor-element-bce34f7 elementor-widget elementor-widget-text-editor\" data-id=\"bce34f7\" data-element_type=\"widget\" data-widget_type=\"text-editor.default\">\n\t\t\t\t<div class=\"elementor-widget-container\">\n\t\t\t\t\t\t\t<p>Photos du site :\u00a0<\/p><p>Unsplash sous licence https:\/\/unsplash.com\/fr\/licence<\/p>\t\t\t\t\t\t<\/div>\n\t\t\t\t<\/div>\n\t\t\t\t\t<\/div>\n\t\t<\/div>\n\t\t\t\t\t\t\t<\/div>\n\t\t<\/section>\n\t\t\t\t\t\t\t<\/div>\n\t\t","protected":false},"excerpt":{"rendered":"<p>Editeur Le site vacarmeproductions.com est la propri\u00e9t\u00e9 de Vacarme Productions, domicili\u00e9 \u00e0 Meyzieu (69330). Responsable des publications : Audrey Abrial \u2013 Lyon \u2013&nbsp; Mail : audrey[at]vacarmeproductions[point]com SIRET : 811 022 581 00037 CODE NAF&nbsp;: 9001Z TVA Intracommunautaire : FR71811022581 Licence d\u2019entrepreneur de spectacle n\u00b0 : PLATESV-R-2020-000159 et PLATESV-R-2020-000161 D\u00e9claration d\u2019activit\u00e9 enregistr\u00e9e sous le n\u00b0 84691708769 &hellip; <\/p>\n<p class=\"link-more\"><a href=\"https:\/\/vacarmeproductions.com\/index.php\/mentions-obligatoires\/\" class=\"more-link\">Lire la suite de<span class=\"screen-reader-text\">\u00ab\u00a0Mentions obligatoires\u00a0\u00bb<\/span><\/a><\/p>\n","protected":false},"author":1,"featured_media":0,"parent":0,"menu_order":0,"comment_status":"closed","ping_status":"closed","template":"","meta":{"footnotes":""},"_links":{"self":[{"href":"https:\/\/vacarmeproductions.com\/index.php\/wp-json\/wp\/v2\/pages\/330"}],"collection":[{"href":"https:\/\/vacarmeproductions.com\/index.php\/wp-json\/wp\/v2\/pages"}],"about":[{"href":"https:\/\/vacarmeproductions.com\/index.php\/wp-json\/wp\/v2\/types\/page"}],"author":[{"embeddable":true,"href":"https:\/\/vacarmeproductions.com\/index.php\/wp-json\/wp\/v2\/users\/1"}],"replies":[{"embeddable":true,"href":"https:\/\/vacarmeproductions.com\/index.php\/wp-json\/wp\/v2\/comments?post=330"}],"version-history":[{"count":34,"href":"https:\/\/vacarmeproductions.com\/index.php\/wp-json\/wp\/v2\/pages\/330\/revisions"}],"predecessor-version":[{"id":506,"href":"https:\/\/vacarmeproductions.com\/index.php\/wp-json\/wp\/v2\/pages\/330\/revisions\/506"}],"wp:attachment":[{"href":"https:\/\/vacarmeproductions.com\/index.php\/wp-json\/wp\/v2\/media?parent=330"}],"curies":[{"name":"wp","href":"https:\/\/api.w.org\/{rel}","templated":true}]}}